{"id":953,"date":"2013-04-02T17:00:55","date_gmt":"2013-04-02T17:00:55","guid":{"rendered":"http:\/\/www.kriesi.at\/themes\/enfold\/?page_id=953"},"modified":"2025-08-26T08:09:18","modified_gmt":"2025-08-26T08:09:18","slug":"iletisim","status":"publish","type":"page","link":"https:\/\/clayton.com.tr\/?page_id=953","title":{"rendered":"\u0130leti\u015fim"},"content":{"rendered":"<div  class='av_gmaps_sc_main_wrap av_gmaps_main_wrap '><div id='av_gmap_0' class='avia-google-map-container avia-google-map-sc av_gmaps_show_unconditionally av-no-fallback-img ' data-mapid='av_gmap_0'  style='height: 400px;'><a class=\"av_gmaps_browser_disabled av_text_confirm_link av_text_confirm_link_visible\" href=\"https:\/\/www.google.com\/maps\/search\/?api=1&#038;query=\u00c7i\u011filtepe,%20Bostanc\u0131k%20Cd.%20No:15,%2006260%20Mamak\/Ankara\" target=\"_blank\">Maps were disabled by the visitor on this site. Click to open the map in a new window.<\/a><\/div><\/div>\n<form action=\"https:\/\/clayton.com.tr\/?page_id=953\" method=\"post\" data-fields-with-error=\"Found errors in the following field(s):\" class=\"avia_ajax_form av-form-labels-visible   avia-builder-el-1  el_after_av_google_map  avia-builder-el-no-sibling   \" data-avia-form-id=\"1\" data-avia-redirect=''  aria-label='Kontakt Formu' ><h3 class=''>Bize Mail At\u0131n!<\/h3><fieldset><p class='  first_form  form_element form_element_half' id='element_avia_1_1'><label for=\"avia_1_1\">\u0130sim <abbr class=\"required\" title=\"Zorunlu\">*<\/abbr><\/label> <input name=\"avia_1_1\" class=\"text_input is_empty\" type=\"text\" id=\"avia_1_1\" value=\"\" \/><\/p><p class='  form_element form_element_half' id='element_avia_2_1'><label for=\"avia_2_1\">E-Mail <abbr class=\"required\" title=\"Zorunlu\">*<\/abbr><\/label> <input name=\"avia_2_1\" class=\"text_input is_special_email\" type=\"text\" id=\"avia_2_1\" value=\"\" \/><\/p><p class='  first_form  form_element form_fullwidth' id='element_avia_3_1'><label for=\"avia_3_1\">Konu <abbr class=\"required\" title=\"Zorunlu\">*<\/abbr><\/label> <input name=\"avia_3_1\" class=\"text_input is_empty\" type=\"text\" id=\"avia_3_1\" value=\"\" \/><\/p><p class='  first_form  form_element form_fullwidth' id='element_avia_4_1'><label for=\"avia_4_1\" class=\"textare_label hidden textare_label_avia_4_1\">Mesaj\u0131n\u0131z <abbr class=\"required\" title=\"Zorunlu\">*<\/abbr><\/label><textarea  name=\"avia_4_1\" class=\"text_area is_empty\" cols=\"40\" rows=\"7\" id=\"avia_4_1\" ><\/textarea><\/p><p class=\"hidden\"><input type=\"text\" name=\"avia_5_1\" class=\"hidden \" id=\"avia_5_1\" value=\"\" \/><\/p><p class='   form_element form_fullwidth' id='element_avia_6_1'><span class='value_verifier_label'>1 + 6 = ?<\/span><input name=\"avia_6_1_verifier\" type=\"hidden\" id=\"avia_6_1_verifier\" value=\"167844777\"\/><label for=\"avia_6_1\">L\u00fctfen denklemi \u00e7\u00f6zerek insan oldu\u011funuzu kan\u0131tlay\u0131n\u0131z <abbr class=\"required\" title=\"Zorunlu\">*<\/abbr><\/label><input name=\"avia_6_1\" class=\"text_input captcha\" type=\"text\" id=\"avia_6_1\" value=\"\"\/><\/p><p class=\"form_element \"><input type=\"hidden\" value=\"1\" name=\"avia_generated_form1\" \/><input type=\"submit\" value=\"G\u00f6nder\" class=\"button\"  data-sending-label=\"G\u00f6nderiliyor\"\/><\/p><\/fieldset><\/form><div id=\"ajaxresponse_1\" class=\"ajaxresponse ajaxresponse_1 hidden\"><\/div>\n","protected":false},"excerpt":{"rendered":"","protected":false},"author":1,"featured_media":0,"parent":0,"menu_order":0,"comment_status":"open","ping_status":"closed","template":"","meta":{"footnotes":""},"class_list":["post-953","page","type-page","status-publish","hentry"],"_links":{"self":[{"href":"https:\/\/clayton.com.tr\/index.php?rest_route=\/wp\/v2\/pages\/953","targetHints":{"allow":["GET"]}}],"collection":[{"href":"https:\/\/clayton.com.tr\/index.php?rest_route=\/wp\/v2\/pages"}],"about":[{"href":"https:\/\/clayton.com.tr\/index.php?rest_route=\/wp\/v2\/types\/page"}],"author":[{"embeddable":true,"href":"https:\/\/clayton.com.tr\/index.php?rest_route=\/wp\/v2\/users\/1"}],"replies":[{"embeddable":true,"href":"https:\/\/clayton.com.tr\/index.php?rest_route=%2Fwp%2Fv2%2Fcomments&post=953"}],"version-history":[{"count":22,"href":"https:\/\/clayton.com.tr\/index.php?rest_route=\/wp\/v2\/pages\/953\/revisions"}],"predecessor-version":[{"id":4293,"href":"https:\/\/clayton.com.tr\/index.php?rest_route=\/wp\/v2\/pages\/953\/revisions\/4293"}],"wp:attachment":[{"href":"https:\/\/clayton.com.tr\/index.php?rest_route=%2Fwp%2Fv2%2Fmedia&parent=953"}],"curies":[{"name":"wp","href":"https:\/\/api.w.org\/{rel}","templated":true}]}}