{"id":1302,"date":"2013-04-07T16:28:54","date_gmt":"2013-04-07T16:28:54","guid":{"rendered":"http:\/\/www.kriesi.at\/themes\/enfold\/?page_id=1302"},"modified":"2025-05-13T15:09:01","modified_gmt":"2025-05-13T15:09:01","slug":"nasiluygulanir","status":"publish","type":"page","link":"https:\/\/clayton.com.tr\/?page_id=1302","title":{"rendered":"Nas\u0131l Uygulan\u0131r?"},"content":{"rendered":"<div id='layer_slider_1'  class='avia-layerslider main_color avia-shadow  avia-builder-el-0  el_before_av_slideshow  avia-builder-el-first  container_wrap sidebar_right'  style='height: 151px;'  ><\/div><div id='after_layer_slider_1'  class='main_color av_default_container_wrap container_wrap sidebar_right'  ><div class='container av-section-cont-open' ><div class='template-page content  av-content-small alpha units'><div class='post-entry post-entry-type-page post-entry-1302'><div class='entry-content-wrapper clearfix'>\n<div  class='avia-slideshow av-m9lfx680-e551b3024379899021c34f963edc41f8 avia-slideshow-featured av_slideshow avia-slide-slider  avia-builder-el-1  el_after_av_layerslider  el_before_av_slideshow  avia-builder-el-first  av-slideshow-ui av-control-default av-slideshow-manual av-loop-once av-loop-manual-endless av-default-height-applied avia-slideshow-1' data-slideshow-options=\"{&quot;animation&quot;:&quot;slide&quot;,&quot;autoplay&quot;:false,&quot;loop_autoplay&quot;:&quot;once&quot;,&quot;interval&quot;:5,&quot;loop_manual&quot;:&quot;manual-endless&quot;,&quot;autoplay_stopper&quot;:false,&quot;noNavigation&quot;:false,&quot;bg_slider&quot;:false,&quot;keep_padding&quot;:false,&quot;hoverpause&quot;:false,&quot;show_slide_delay&quot;:0}\"  itemprop=\"image\" itemscope=\"itemscope\" itemtype=\"https:\/\/schema.org\/ImageObject\" ><ul class='avia-slideshow-inner ' style='padding-bottom: 28.666666666667%;'><li  class='avia-slideshow-slide av-m9lfx680-e551b3024379899021c34f963edc41f8__0  av-single-slide slide-1 slide-odd'><div data-rel='slideshow-1' class='avia-slide-wrap '   ><img decoding=\"async\" fetchpriority=\"high\" class=\"wp-image-3772 avia-img-lazy-loading-not-3772\"  src=\"https:\/\/clayton.com.tr\/wp-content\/uploads\/2025\/04\/slider_8-1500x430.jpg\" width=\"1500\" height=\"430\" title='slider_8' alt=''  itemprop=\"thumbnailUrl\"   \/><\/div><\/li><\/ul><\/div>\n<div  class='avia-slideshow av-m9lfvs61-27e3b1bedaf8acf12c843d7c04efee4f avia-slideshow-featured av_slideshow avia-slide-slider  avia-builder-el-2  el_after_av_slideshow  el_before_av_one_full  av-slideshow-ui av-control-default av-slideshow-manual av-loop-once av-loop-manual-endless av-default-height-applied avia-slideshow-2' data-slideshow-options=\"{&quot;animation&quot;:&quot;slide&quot;,&quot;autoplay&quot;:false,&quot;loop_autoplay&quot;:&quot;once&quot;,&quot;interval&quot;:5,&quot;loop_manual&quot;:&quot;manual-endless&quot;,&quot;autoplay_stopper&quot;:false,&quot;noNavigation&quot;:false,&quot;bg_slider&quot;:false,&quot;keep_padding&quot;:false,&quot;hoverpause&quot;:false,&quot;show_slide_delay&quot;:0}\"  itemprop=\"image\" itemscope=\"itemscope\" itemtype=\"https:\/\/schema.org\/ImageObject\" ><ul class='avia-slideshow-inner ' style='padding-bottom: 28.666666666667%;'><li  class='avia-slideshow-slide av-m9lfvs61-27e3b1bedaf8acf12c843d7c04efee4f__0  av-single-slide slide-1 slide-odd'><div data-rel='slideshow-2' class='avia-slide-wrap '   ><img decoding=\"async\" fetchpriority=\"high\" class=\"wp-image-3773 avia-img-lazy-loading-not-3773\"  src=\"https:\/\/clayton.com.tr\/wp-content\/uploads\/2025\/04\/slider_9-1500x430.jpg\" width=\"1500\" height=\"430\" title='slider_9' alt=''  itemprop=\"thumbnailUrl\"   \/><\/div><\/li><\/ul><\/div>\n<div  class='flex_column av-85uime-de453c700be155f64d67c4afdd178d34 av_one_full  avia-builder-el-3  el_after_av_slideshow  el_before_av_one_third  first flex_column_div  '     ><section  class='av_textblock_section av-m9lfdqr5-7a17391670bafc0dce814d6839d0b500 '   itemscope=\"itemscope\" itemtype=\"https:\/\/schema.org\/CreativeWork\" ><div class='avia_textblock'  itemprop=\"text\" ><h3 class=\"p1\" style=\"text-align: center;\">UYGULANAB\u0130L\u0130R Y\u00dcZEYLER VE \u0130KL\u0130M \u015eARTLARI<\/h3>\n<\/div><\/section><\/div>\n<div  class='flex_column av-61s6di-a035ca094f38383a741a52802bc51f4a av_one_third  avia-builder-el-5  el_after_av_one_full  el_before_av_one_third  first flex_column_div  column-top-margin'     ><section  class='av_textblock_section av-m9lfhgi4-b6d9684b9f1da192fff790ee1c82bff3 '   itemscope=\"itemscope\" itemtype=\"https:\/\/schema.org\/CreativeWork\" ><div class='avia_textblock'  itemprop=\"text\" ><h4>Uygulanabilir Y\u00fczeyler<\/h4>\n<p class=\"p1\">\u2022 Beton<br \/>\n\u2022 Kontrplak<br \/>\n\u2022 Kompozit Panel (ACP)<br \/>\n\u2022 S\u0131val\u0131 Duvar<br \/>\n\u2022 Fayans<br \/>\n\u2022 \u00c7imento Levha<br \/>\n\u2022 Cam<br \/>\n\u2022 Metal<br \/>\n\u2022 MDF Sunta-Levha<br \/>\n\u2022 Ta\u015f<br \/>\n\u2022 Mermer<br \/>\n\u2022 Laminat<\/p>\n<\/div><\/section><\/div><div  class='flex_column av-4w19fq-92b52aba28f532f037253dec90e3b3e8 av_one_third  avia-builder-el-7  el_after_av_one_third  el_before_av_one_third  flex_column_div  column-top-margin'     ><section  class='av_textblock_section av-m9lffvb6-41702d4e16d0c88716c6bb76f9763703 '   itemscope=\"itemscope\" itemtype=\"https:\/\/schema.org\/CreativeWork\" ><div class='avia_textblock'  itemprop=\"text\" ><h4 class=\"p1\">UYGULAMA SICAKLI\u011eI<\/h4>\n<p class=\"p1\">Uygulama su\u0308resi boyunca ve uygulamadan sonraki 24 saat i\u00e7inde, alt yu\u0308zeyin ve uygulama ortam\u0131n\u0131n s\u0131cakl\u0131\u011f\u0131 5\u00b0C\u2019nin alt\u0131nda ve 40\u00b0C\u2019nin u\u0308zerinde olmamal\u0131d\u0131r. Yaz aylar\u0131nda montaj \u00f6ncesi uzun su\u0308re do\u011frudan gu\u0308ne\u015f \u0131\u015f\u0131\u011f\u0131na maruz kalmas\u0131ndan ka\u00e7\u0131n\u0131lmal\u0131d\u0131r.<\/p>\n<\/div><\/section><\/div><\/p>\n<div  class='flex_column av-2tzd7q-824d2ea57f5f98a186f8c5d760818a35 av_one_third  avia-builder-el-9  el_after_av_one_third  avia-builder-el-last  flex_column_div  column-top-margin'     ><section  class='av_textblock_section av-m9lfi2y8-711057daaa082e7b1ef25de7e74c241b '   itemscope=\"itemscope\" itemtype=\"https:\/\/schema.org\/CreativeWork\" ><div class='avia_textblock'  itemprop=\"text\" ><h4 class=\"p1\">\u0130KL\u0130M KO\u015eULLARI<\/h4>\n<p class=\"p1\">A\u015fa\u011f\u0131daki olumsuz hava ko\u015fullar\u0131nda uygulama yap\u0131lmamal\u0131d\u0131r:<\/p>\n<p class=\"p1\">\u2022 \u015eiddetli ru\u0308zgarlar<br \/>\n\u2022 G\u00f6kgu\u0308ru\u0308ltu\u0308su\u0308<br \/>\n\u2022 Ya\u011fmur<br \/>\n\u2022 Kar<\/p>\n<p class=\"p1\">Uygulama s\u0131ras\u0131nda, ya\u011fmur suyu ya da y\u0131kanan duvarlardan akan suya kar\u015f\u0131 etkili koruyucu \u00f6nlemler al\u0131nmal\u0131d\u0131r.<\/p>\n<\/div><\/section><\/div>\n","protected":false},"excerpt":{"rendered":"","protected":false},"author":1,"featured_media":0,"parent":0,"menu_order":0,"comment_status":"open","ping_status":"closed","template":"","meta":{"footnotes":""},"class_list":["post-1302","page","type-page","status-publish","hentry"],"_links":{"self":[{"href":"https:\/\/clayton.com.tr\/index.php?rest_route=\/wp\/v2\/pages\/1302","targetHints":{"allow":["GET"]}}],"collection":[{"href":"https:\/\/clayton.com.tr\/index.php?rest_route=\/wp\/v2\/pages"}],"about":[{"href":"https:\/\/clayton.com.tr\/index.php?rest_route=\/wp\/v2\/types\/page"}],"author":[{"embeddable":true,"href":"https:\/\/clayton.com.tr\/index.php?rest_route=\/wp\/v2\/users\/1"}],"replies":[{"embeddable":true,"href":"https:\/\/clayton.com.tr\/index.php?rest_route=%2Fwp%2Fv2%2Fcomments&post=1302"}],"version-history":[{"count":14,"href":"https:\/\/clayton.com.tr\/index.php?rest_route=\/wp\/v2\/pages\/1302\/revisions"}],"predecessor-version":[{"id":4012,"href":"https:\/\/clayton.com.tr\/index.php?rest_route=\/wp\/v2\/pages\/1302\/revisions\/4012"}],"wp:attachment":[{"href":"https:\/\/clayton.com.tr\/index.php?rest_route=%2Fwp%2Fv2%2Fmedia&parent=1302"}],"curies":[{"name":"wp","href":"https:\/\/api.w.org\/{rel}","templated":true}]}}