{"id":1277,"date":"2013-04-06T18:24:13","date_gmt":"2013-04-06T18:24:13","guid":{"rendered":"http:\/\/www.kriesi.at\/themes\/enfold\/?page_id=1277"},"modified":"2025-04-25T13:36:51","modified_gmt":"2025-04-25T13:36:51","slug":"faq","status":"publish","type":"page","link":"https:\/\/clayton.com.tr\/?page_id=1277","title":{"rendered":"S\u0131k\u00e7a Sorulan Sorular"},"content":{"rendered":"<div id='layer_slider_1'  class='avia-layerslider main_color avia-shadow  avia-builder-el-0  el_before_av_heading  avia-builder-el-first  container_wrap sidebar_right'  style='height: 151px;'  ><\/div><div id='after_layer_slider_1'  class='main_color av_default_container_wrap container_wrap sidebar_right'  ><div class='container av-section-cont-open' ><div class='template-page content  av-content-small alpha units'><div class='post-entry post-entry-type-page post-entry-1277'><div class='entry-content-wrapper clearfix'>\n\n<style type=\"text\/css\" data-created_by=\"avia_inline_auto\" id=\"style-css-av-1amep19-38ef5dec99f16be704acc3d0f38eed3e\">\n#top .av-special-heading.av-1amep19-38ef5dec99f16be704acc3d0f38eed3e{\npadding-bottom:0;\n}\nbody .av-special-heading.av-1amep19-38ef5dec99f16be704acc3d0f38eed3e .av-special-heading-tag .heading-char{\nfont-size:25px;\n}\n.av-special-heading.av-1amep19-38ef5dec99f16be704acc3d0f38eed3e .av-subheading{\nfont-size:15px;\n}\n<\/style>\n<div  class='av-special-heading av-1amep19-38ef5dec99f16be704acc3d0f38eed3e av-special-heading-h3 meta-heading  avia-builder-el-1  el_after_av_layerslider  el_before_av_toggle_container  avia-builder-el-first '><h3 class='av-special-heading-tag '  itemprop=\"headline\"  >S\u0131k\u00e7a Sorulan Sorular<\/h3><div class=\"special-heading-border\"><div class=\"special-heading-inner-border\"><\/div><\/div><\/div>\n<div  class='togglecontainer av-19o1jzx-40561908625261f20dc1449d63d5fe06  avia-builder-el-2  el_after_av_heading  el_before_av_hr  toggle_close_all' >\n<section class='av_toggle_section av-1898my5-e38736eb16ba82220238186b6426f217'  itemscope=\"itemscope\" itemtype=\"https:\/\/schema.org\/CreativeWork\" ><div role=\"tablist\" class=\"single_toggle\" data-tags=\"{T\u00fcm\u00fc} \"  ><p id='toggle-toggle-id-1' data-fake-id='#toggle-id-1' class='toggler  av-title-above '  itemprop=\"headline\"  role='tab' tabindex='0' aria-controls='toggle-id-1' data-slide-speed=\"200\" data-title=\"Clayton\u00ae nedir?\" data-title-open=\"\" data-aria_collapsed=\"Click to expand: Clayton\u00ae nedir?\" data-aria_expanded=\"Click to collapse: Clayton\u00ae nedir?\">Clayton\u00ae nedir?<span class=\"toggle_icon\"><span class=\"vert_icon\"><\/span><span class=\"hor_icon\"><\/span><\/span><\/p><div id='toggle-id-1' aria-labelledby='toggle-toggle-id-1' role='region' class='toggle_wrap  av-title-above'  ><div class='toggle_content invers-color '  itemprop=\"text\" ><p class=\"p1\">Clayton\u00ae, PVC i\u00e7ermez. %100 do\u011fal minerallerden \u00fcretilmi\u015f, esnek, hafif, \u00e7evre dostu ve su\/nem dayan\u0131m\u0131na sahip bir y\u00fczey kaplama malzemesidir.<br \/>\n\u0130\u00e7 ve d\u0131\u015f cephe uygulamalar\u0131na uygundur. Esneme kabiliyeti sayesinde d\u00fcz ve kavisli y\u00fczeylerde g\u00fcvenle kullan\u0131labilir.<\/p>\n<\/div><\/div><\/div><\/section>\n<section class='av_toggle_section av-15mfkkt-b8c29699b6c7c33731db7caa2a3f0527'  itemscope=\"itemscope\" itemtype=\"https:\/\/schema.org\/CreativeWork\" ><div role=\"tablist\" class=\"single_toggle\" data-tags=\"{T\u00fcm\u00fc} {Installation} \"  ><p id='toggle-toggle-id-2' data-fake-id='#toggle-id-2' class='toggler  av-title-above '  itemprop=\"headline\"  role='tab' tabindex='0' aria-controls='toggle-id-2' data-slide-speed=\"200\" data-title=\" \u00dcr\u00fcn \u00f6l\u00e7\u00fcleri ve kal\u0131nl\u0131klar\u0131 nedir?\" data-title-open=\"\" data-aria_collapsed=\"Click to expand:  \u00dcr\u00fcn \u00f6l\u00e7\u00fcleri ve kal\u0131nl\u0131klar\u0131 nedir?\" data-aria_expanded=\"Click to collapse:  \u00dcr\u00fcn \u00f6l\u00e7\u00fcleri ve kal\u0131nl\u0131klar\u0131 nedir?\"> \u00dcr\u00fcn \u00f6l\u00e7\u00fcleri ve kal\u0131nl\u0131klar\u0131 nedir?<span class=\"toggle_icon\"><span class=\"vert_icon\"><\/span><span class=\"hor_icon\"><\/span><\/span><\/p><div id='toggle-id-2' aria-labelledby='toggle-toggle-id-2' role='region' class='toggle_wrap  av-title-above'  ><div class='toggle_content invers-color '  itemprop=\"text\" ><p class=\"p1\">Clayton\u00ae panellerin kal\u0131nl\u0131klar\u0131 2,5 mm ile 9 mm aras\u0131nda de\u011fi\u015fmektedir.<br \/>\nStandart ebatlar: 600 \u00d7 1200 mm ve 1200 \u00d7 3000 mm\u2019dir.<\/p>\n<p class=\"p1\">B\u00fcy\u00fck \u00f6l\u00e7ekli projelerde (20.000 m\u00b2 ve \u00fczeri), \u00f6l\u00e7\u00fcye \u00f6zel \u00fcretim \u00e7\u00f6z\u00fcmleri sa\u011flayabiliyoruz.<\/p>\n<\/div><\/div><\/div><\/section>\n<section class='av_toggle_section av-1545kb1-90710aa355638dcbd889d6b2ac7e50bb'  itemscope=\"itemscope\" itemtype=\"https:\/\/schema.org\/CreativeWork\" ><div role=\"tablist\" class=\"single_toggle\" data-tags=\"{T\u00fcm\u00fc} {Pricing} {Misc} \"  ><p id='toggle-toggle-id-3' data-fake-id='#toggle-id-3' class='toggler  av-title-above '  itemprop=\"headline\"  role='tab' tabindex='0' aria-controls='toggle-id-3' data-slide-speed=\"200\" data-title=\"Yang\u0131n dayan\u0131m\u0131 nas\u0131ld\u0131r?\" data-title-open=\"\" data-aria_collapsed=\"Click to expand: Yang\u0131n dayan\u0131m\u0131 nas\u0131ld\u0131r?\" data-aria_expanded=\"Click to collapse: Yang\u0131n dayan\u0131m\u0131 nas\u0131ld\u0131r?\">Yang\u0131n dayan\u0131m\u0131 nas\u0131ld\u0131r?<span class=\"toggle_icon\"><span class=\"vert_icon\"><\/span><span class=\"hor_icon\"><\/span><\/span><\/p><div id='toggle-id-3' aria-labelledby='toggle-toggle-id-3' role='region' class='toggle_wrap  av-title-above'  ><div class='toggle_content invers-color '  itemprop=\"text\" ><p class=\"p1\">Clayton\u00ae, A2 s\u0131n\u0131f\u0131 yanmazl\u0131k \u00f6zelli\u011fine sahiptir. Bu \u00f6zelli\u011fi sayesinde, yang\u0131n g\u00fcvenli\u011fi gerektiren t\u00fcm alanlarda g\u00fcvenle tercih edilebilir.<\/p>\n<\/div><\/div><\/div><\/section>\n<section class='av_toggle_section av-12tygj1-841cebf9181c8e5a9ef4504d56b5cea4'  itemscope=\"itemscope\" itemtype=\"https:\/\/schema.org\/CreativeWork\" ><div role=\"tablist\" class=\"single_toggle\" data-tags=\"{T\u00fcm\u00fc} {Pricing} \"  ><p id='toggle-toggle-id-4' data-fake-id='#toggle-id-4' class='toggler  av-title-above '  itemprop=\"headline\"  role='tab' tabindex='0' aria-controls='toggle-id-4' data-slide-speed=\"200\" data-title=\"Clayton\u00ae hafif bir malzeme; peki, bu \u00f6zelli\u011fi yap\u0131 g\u00fcvenli\u011fi a\u00e7\u0131s\u0131ndan nas\u0131l bir avantaj sa\u011flar?\" data-title-open=\"\" data-aria_collapsed=\"Click to expand: Clayton\u00ae hafif bir malzeme; peki, bu \u00f6zelli\u011fi yap\u0131 g\u00fcvenli\u011fi a\u00e7\u0131s\u0131ndan nas\u0131l bir avantaj sa\u011flar?\" data-aria_expanded=\"Click to collapse: Clayton\u00ae hafif bir malzeme; peki, bu \u00f6zelli\u011fi yap\u0131 g\u00fcvenli\u011fi a\u00e7\u0131s\u0131ndan nas\u0131l bir avantaj sa\u011flar?\">Clayton\u00ae hafif bir malzeme; peki, bu \u00f6zelli\u011fi yap\u0131 g\u00fcvenli\u011fi a\u00e7\u0131s\u0131ndan nas\u0131l bir avantaj sa\u011flar?<span class=\"toggle_icon\"><span class=\"vert_icon\"><\/span><span class=\"hor_icon\"><\/span><\/span><\/p><div id='toggle-id-4' aria-labelledby='toggle-toggle-id-4' role='region' class='toggle_wrap  av-title-above'  ><div class='toggle_content invers-color '  itemprop=\"text\" ><p class=\"p1\">Clayton\u00ae, son derece hafif yap\u0131s\u0131yla uyguland\u0131\u011f\u0131 yap\u0131lara ek y\u00fck bindirmez.<br \/>\nBu da \u00f6zellikle deprem riski y\u00fcksek b\u00f6lgelerde b\u00fcy\u00fck bir avantaj sa\u011flar ve onu yap\u0131 g\u00fcvenli\u011fi a\u00e7\u0131s\u0131ndan bilin\u00e7li bir tercih h\u00e2line getirir.<\/p>\n<\/div><\/div><\/div><\/section>\n<section class='av_toggle_section av-118j78d-903d199ff0aaae8dbd1dfc65635e7f10'  itemscope=\"itemscope\" itemtype=\"https:\/\/schema.org\/CreativeWork\" ><div role=\"tablist\" class=\"single_toggle\" data-tags=\"{T\u00fcm\u00fc} {Installation} {Misc} \"  ><p id='toggle-toggle-id-5' data-fake-id='#toggle-id-5' class='toggler  av-title-above '  itemprop=\"headline\"  role='tab' tabindex='0' aria-controls='toggle-id-5' data-slide-speed=\"200\" data-title=\"Uygulama y\u00f6ntemi nas\u0131ld\u0131r?\" data-title-open=\"\" data-aria_collapsed=\"Click to expand: Uygulama y\u00f6ntemi nas\u0131ld\u0131r?\" data-aria_expanded=\"Click to collapse: Uygulama y\u00f6ntemi nas\u0131ld\u0131r?\">Uygulama y\u00f6ntemi nas\u0131ld\u0131r?<span class=\"toggle_icon\"><span class=\"vert_icon\"><\/span><span class=\"hor_icon\"><\/span><\/span><\/p><div id='toggle-id-5' aria-labelledby='toggle-toggle-id-5' role='region' class='toggle_wrap  av-title-above'  ><div class='toggle_content invers-color '  itemprop=\"text\" ><p class=\"p1\">Clayton\u00ae paneller, y\u00fczeye uygun yap\u0131\u015ft\u0131r\u0131c\u0131larla uygulan\u0131r.<br \/>\nMekanik ankraj gerektirmez; b\u00f6ylece h\u0131zl\u0131, temiz ve d\u00fc\u015f\u00fck maliyetli bir montaj imk\u00e2n\u0131 sunar.<\/p>\n<\/div><\/div><\/div><\/section>\n<\/div>\n<div  class='hr av-jhb5l9-3a6c79af50192be1ac1fb30b6d5ad8b6 hr-full  avia-builder-el-3  el_after_av_toggle_container  avia-builder-el-last  hr-no-shadow'><span class='hr-inner '><span class=\"hr-inner-style\"><\/span><\/span><\/div>\n","protected":false},"excerpt":{"rendered":"","protected":false},"author":1,"featured_media":0,"parent":0,"menu_order":0,"comment_status":"open","ping_status":"open","template":"","meta":{"footnotes":""},"class_list":["post-1277","page","type-page","status-publish","hentry"],"_links":{"self":[{"href":"https:\/\/clayton.com.tr\/index.php?rest_route=\/wp\/v2\/pages\/1277","targetHints":{"allow":["GET"]}}],"collection":[{"href":"https:\/\/clayton.com.tr\/index.php?rest_route=\/wp\/v2\/pages"}],"about":[{"href":"https:\/\/clayton.com.tr\/index.php?rest_route=\/wp\/v2\/types\/page"}],"author":[{"embeddable":true,"href":"https:\/\/clayton.com.tr\/index.php?rest_route=\/wp\/v2\/users\/1"}],"replies":[{"embeddable":true,"href":"https:\/\/clayton.com.tr\/index.php?rest_route=%2Fwp%2Fv2%2Fcomments&post=1277"}],"version-history":[{"count":9,"href":"https:\/\/clayton.com.tr\/index.php?rest_route=\/wp\/v2\/pages\/1277\/revisions"}],"predecessor-version":[{"id":3797,"href":"https:\/\/clayton.com.tr\/index.php?rest_route=\/wp\/v2\/pages\/1277\/revisions\/3797"}],"wp:attachment":[{"href":"https:\/\/clayton.com.tr\/index.php?rest_route=%2Fwp%2Fv2%2Fmedia&parent=1277"}],"curies":[{"name":"wp","href":"https:\/\/api.w.org\/{rel}","templated":true}]}}