{"id":1195,"date":"2013-04-05T16:38:18","date_gmt":"2013-04-05T16:38:18","guid":{"rendered":"http:\/\/www.kriesi.at\/themes\/enfold\/?page_id=1195"},"modified":"2025-04-16T05:35:16","modified_gmt":"2025-04-16T05:35:16","slug":"hakkimizda","status":"publish","type":"page","link":"https:\/\/clayton.com.tr\/?page_id=1195","title":{"rendered":"Hakk\u0131m\u0131zda"},"content":{"rendered":"<div  class='flex_column av-286q4wr-b528d65b242dd185350f90b5e1581aed av_one_half  avia-builder-el-0  el_before_av_one_half  avia-builder-el-first  first flex_column_div  '     ><div  class='avia-slideshow av-26oxu4b-2b653fe0ee338b40e388db3d07144a5c avia-slideshow-portfolio av_slideshow avia-slide-slider  avia-builder-el-1  avia-builder-el-no-sibling  av-slideshow-ui av-control-default av-slideshow-autoplay av-loop-endless av-loop-manual-endless av-default-height-applied avia-slideshow-1' data-slideshow-options=\"{&quot;animation&quot;:&quot;slide&quot;,&quot;autoplay&quot;:true,&quot;loop_autoplay&quot;:&quot;endless&quot;,&quot;interval&quot;:5,&quot;loop_manual&quot;:&quot;manual-endless&quot;,&quot;autoplay_stopper&quot;:false,&quot;noNavigation&quot;:false,&quot;bg_slider&quot;:false,&quot;keep_padding&quot;:false,&quot;hoverpause&quot;:false,&quot;show_slide_delay&quot;:0}\"  itemprop=\"image\" itemscope=\"itemscope\" itemtype=\"https:\/\/schema.org\/ImageObject\" ><ul class='avia-slideshow-inner ' style='padding-bottom: 80.808080808081%;'><li  class='avia-slideshow-slide av-26oxu4b-2b653fe0ee338b40e388db3d07144a5c__0  slide-1 slide-odd'><div data-rel='slideshow-1' class='avia-slide-wrap '   ><img decoding=\"async\" fetchpriority=\"high\" class=\"wp-image-3363 avia-img-lazy-loading-not-3363\"  src=\"https:\/\/clayton.com.tr\/wp-content\/uploads\/2025\/04\/slider_1-495x400.jpg\" width=\"495\" height=\"400\" title='slider_1' alt=''  itemprop=\"thumbnailUrl\"   \/><\/div><\/li><li  class='avia-slideshow-slide av-26oxu4b-2b653fe0ee338b40e388db3d07144a5c__1  slide-2 slide-even'><div data-rel='slideshow-1' class='avia-slide-wrap '   ><img decoding=\"async\" fetchpriority=\"high\" class=\"wp-image-3366 avia-img-lazy-loading-not-3366\"  src=\"https:\/\/clayton.com.tr\/wp-content\/uploads\/2025\/04\/slider_2-495x400.jpg\" width=\"495\" height=\"400\" title='slider_2' alt=''  itemprop=\"thumbnailUrl\"   \/><\/div><\/li><li  class='avia-slideshow-slide av-26oxu4b-2b653fe0ee338b40e388db3d07144a5c__2  slide-3 slide-odd'><div data-rel='slideshow-1' class='avia-slide-wrap '   ><img decoding=\"async\" fetchpriority=\"high\" class=\"wp-image-3367 avia-img-lazy-loading-not-3367\"  src=\"https:\/\/clayton.com.tr\/wp-content\/uploads\/2025\/04\/slider_4-495x400.jpg\" width=\"495\" height=\"400\" title='slider_4' alt=''  itemprop=\"thumbnailUrl\"   \/><\/div><\/li><\/ul><div class='avia-slideshow-arrows avia-slideshow-controls' ><a href='#prev' class='prev-slide  avia-svg-icon avia-font-svg_entypo-fontello' data-av_svg_icon='left-open-big' data-av_iconset='svg_entypo-fontello' tabindex='-1' title=\"\u00d6nceki\"><svg version=\"1.1\" xmlns=\"http:\/\/www.w3.org\/2000\/svg\" width=\"15\" height=\"32\" viewBox=\"0 0 15 32\" preserveAspectRatio=\"xMidYMid meet\" aria-labelledby='av-svg-title-1' aria-describedby='av-svg-desc-1' role=\"graphics-symbol\" aria-hidden=\"true\">\n<title id='av-svg-title-1'>\u00d6nceki<\/title>\n<desc id='av-svg-desc-1'>\u00d6nceki<\/desc>\n<path d=\"M14.464 27.84q0.832 0.832 0 1.536-0.832 0.832-1.536 0l-12.544-12.608q-0.768-0.768 0-1.6l12.544-12.608q0.704-0.832 1.536 0 0.832 0.704 0 1.536l-11.456 11.904z\"><\/path>\n<\/svg><span class='avia_hidden_link_text'>\u00d6nceki<\/span><\/a><a href='#next' class='next-slide  avia-svg-icon avia-font-svg_entypo-fontello' data-av_svg_icon='right-open-big' data-av_iconset='svg_entypo-fontello' tabindex='-1' title=\"Sonraki\"><svg version=\"1.1\" xmlns=\"http:\/\/www.w3.org\/2000\/svg\" width=\"15\" height=\"32\" viewBox=\"0 0 15 32\" preserveAspectRatio=\"xMidYMid meet\" aria-labelledby='av-svg-title-2' aria-describedby='av-svg-desc-2' role=\"graphics-symbol\" aria-hidden=\"true\">\n<title id='av-svg-title-2'>Sonraki<\/title>\n<desc id='av-svg-desc-2'>Sonraki<\/desc>\n<path d=\"M0.416 27.84l11.456-11.84-11.456-11.904q-0.832-0.832 0-1.536 0.832-0.832 1.536 0l12.544 12.608q0.768 0.832 0 1.6l-12.544 12.608q-0.704 0.832-1.536 0-0.832-0.704 0-1.536z\"><\/path>\n<\/svg><span class='avia_hidden_link_text'>Sonraki<\/span><\/a><\/div><div class='avia-slideshow-dots avia-slideshow-controls'><a href='#1' class='goto-slide active' >1<\/a><a href='#2' class='goto-slide ' >2<\/a><a href='#3' class='goto-slide ' >3<\/a><\/div><\/div><\/div><div  class='flex_column av-2071p4b-e10ec265b1beef7a8b09e88abd988a5b av_one_half  avia-builder-el-2  el_after_av_one_half  el_before_av_hr  flex_column_div  '     ><p>\n<style type=\"text\/css\" data-created_by=\"avia_inline_auto\" id=\"style-css-av-1yzdrm3-c54180e03481fba5f3106164d848b49f\">\n#top .av-special-heading.av-1yzdrm3-c54180e03481fba5f3106164d848b49f{\npadding-bottom:10px;\n}\nbody .av-special-heading.av-1yzdrm3-c54180e03481fba5f3106164d848b49f .av-special-heading-tag .heading-char{\nfont-size:25px;\n}\n.av-special-heading.av-1yzdrm3-c54180e03481fba5f3106164d848b49f .av-subheading{\nfont-size:15px;\n}\n<\/style>\n<div  class='av-special-heading av-1yzdrm3-c54180e03481fba5f3106164d848b49f av-special-heading-h3 meta-heading  avia-builder-el-3  el_before_av_textblock  avia-builder-el-first '><h3 class='av-special-heading-tag '  itemprop=\"headline\"  >Clayton Nedir?<\/h3><div class=\"special-heading-border\"><div class=\"special-heading-inner-border\"><\/div><\/div><\/div><br \/>\n<section  class='av_textblock_section av-1wdxs7v-c8102c0027c4afc6e58b4e439fe80da6 '   itemscope=\"itemscope\" itemtype=\"https:\/\/schema.org\/CreativeWork\" ><div class='avia_textblock'  itemprop=\"text\" ><p class=\"p1\">Clayton, do\u011fadan ilham al\u0131r; bu ilham\u0131n simgesi ise \u201cGecko\u201ddur. T\u0131pk\u0131 geckonun p\u00fcr\u00fczl\u00fc y\u00fczeylere kusursuzca tutunabilmesi gibi, Clayton da \u00fcst\u00fcn yap\u0131\u015fma g\u00fcc\u00fcyle her y\u00fczeye m\u00fckemmel uyum sa\u011flar.<\/p>\n<p class=\"p1\">Gecko, do\u011fada kendini yenileyebilme yetene\u011fi ve ola\u011fan\u00fcst\u00fc dayan\u0131kl\u0131l\u0131\u011f\u0131yla \u00f6ne \u00e7\u0131kar. Clayton da uzun \u00f6m\u00fcrl\u00fc, s\u00fcrd\u00fcr\u00fclebilir yap\u0131s\u0131yla bu \u00f6zellikleri \u00fcr\u00fcnlerine yans\u0131t\u0131r. \u00c7evreyle uyum i\u00e7inde olan bu ilham verici canl\u0131 gibi, Clayton da d\u00fc\u015f\u00fck karbon ayak izi ve \u00e7evre dostu yakla\u015f\u0131m\u0131yla gelece\u011fi d\u00fc\u015f\u00fcn\u00fcr.<\/p>\n<p class=\"p1\">Esnek ve mod\u00fcler yap\u0131s\u0131yla farkl\u0131 y\u00fczeylere kolayl\u0131kla adapte olan Clayton, do\u011fadan ald\u0131\u011f\u0131 ilhamla daha s\u00fcrd\u00fcr\u00fclebilir ve yenilik\u00e7i bir d\u00fcnya in\u015fa etmeyi hedefler.<span class=\"Apple-converted-space\">\u00a0 <\/span>Gelece\u011fi bug\u00fcnden in\u015fa etmek istiyorsan, Clayton seninle.<\/p>\n<h4><\/h4>\n<\/div><\/section><\/p><\/div><div  class='hr av-av_hr-c08a6aba491c0362fb44a9f3e50022d2 hr-short  avia-builder-el-5  el_after_av_one_half  el_before_av_textblock  hr-center'><span class='hr-inner '><span class=\"hr-inner-style\"><\/span><\/span><\/div><\/p>\n<section  class='av_textblock_section av-1lg2wej-5228ade341457de2d74b7ea30630c31b '   itemscope=\"itemscope\" itemtype=\"https:\/\/schema.org\/CreativeWork\" ><div class='avia_textblock'  itemprop=\"text\" ><h2 style=\"text-align: center;\">Bizimle Tan\u0131\u015f\u0131n<\/h2>\n<p style=\"text-align: center;\">Biz, i\u015finizin b\u00fcy\u00fcmesi i\u00e7in gereken her \u015feyi yapmaya haz\u0131r, kendini i\u015fine adam\u0131\u015f profesyonellerden olu\u015fan bir ekibiz.<\/p>\n<\/div><\/section>\n<div  class='hr av-1j1096j-d76687d2095898e69e0c72bfc9b0a42b hr-short  avia-builder-el-7  el_after_av_textblock  avia-builder-el-last  hr-center'><span class='hr-inner '><span class=\"hr-inner-style\"><\/span><\/span><\/div>\n","protected":false},"excerpt":{"rendered":"","protected":false},"author":1,"featured_media":0,"parent":0,"menu_order":0,"comment_status":"open","ping_status":"closed","template":"","meta":{"footnotes":""},"class_list":["post-1195","page","type-page","status-publish","hentry"],"_links":{"self":[{"href":"https:\/\/clayton.com.tr\/index.php?rest_route=\/wp\/v2\/pages\/1195","targetHints":{"allow":["GET"]}}],"collection":[{"href":"https:\/\/clayton.com.tr\/index.php?rest_route=\/wp\/v2\/pages"}],"about":[{"href":"https:\/\/clayton.com.tr\/index.php?rest_route=\/wp\/v2\/types\/page"}],"author":[{"embeddable":true,"href":"https:\/\/clayton.com.tr\/index.php?rest_route=\/wp\/v2\/users\/1"}],"replies":[{"embeddable":true,"href":"https:\/\/clayton.com.tr\/index.php?rest_route=%2Fwp%2Fv2%2Fcomments&post=1195"}],"version-history":[{"count":9,"href":"https:\/\/clayton.com.tr\/index.php?rest_route=\/wp\/v2\/pages\/1195\/revisions"}],"predecessor-version":[{"id":3666,"href":"https:\/\/clayton.com.tr\/index.php?rest_route=\/wp\/v2\/pages\/1195\/revisions\/3666"}],"wp:attachment":[{"href":"https:\/\/clayton.com.tr\/index.php?rest_route=%2Fwp%2Fv2%2Fmedia&parent=1195"}],"curies":[{"name":"wp","href":"https:\/\/api.w.org\/{rel}","templated":true}]}}